{"id":587,"date":"2022-08-09T21:20:39","date_gmt":"2022-08-09T19:20:39","guid":{"rendered":"https:\/\/harly-tea.at\/produkt\/mate-gruen\/"},"modified":"2022-09-04T16:02:46","modified_gmt":"2022-09-04T14:02:46","slug":"mate-gruen","status":"publish","type":"product","link":"https:\/\/harly-tea.at\/de\/produkt\/mate-gruen\/","title":{"rendered":"Mate gr\u00fcn"},"content":{"rendered":"<p>Mate ist \u00a0das argentinische Nationalgetr\u00e4nk und erfreut sich immer gr\u00f6\u00dferer Beliebtheit. Er wird aus den Bl\u00e4ttern der Stechpalme gewonnen. Mate ist in vielen Fastentees enthalten. Traditionell wird er in einer Calebasse (einem ausgeh\u00f6hlten K\u00fcrbisgef\u00e4\u00df) zubereitet und mit einem Bombilla (eine Art Saugrohr) geschl\u00fcrft.<\/p>\n<div class=\"row mt-5\">\n   <div class=\"col-md-12 text-center\">\n      <h3>Zubereitungsempfehlung<\/h3>\n   <\/div>\n   <\/div><div class=\"row\">   <div class=\"col-md-4 wc-info-box\">\n      <i class=\"fa fa-3x fa-scale-balanced\"><\/i>\n      <h4>5 Gramm Tee pro 200ml<\/h4>\n      <\/div>   <div class=\"col-md-4 wc-info-box\">\n      <i class=\"fa fa-3x fa-temperature-full\"><\/i>\n      <h4>100\u00b0C Wassertemperatur<\/h4>\n      <\/div>   <div class=\"col-md-4 wc-info-box\">\n      <i class=\"fa fa-3x fa-clock\"><\/i>\n      <h4>5-7 Minuten Ziehzeit<\/h4>\n      <\/div><\/div>\n<p>Matebl\u00e4tter k\u00f6nnen mehrfach \u00a0aufgegossen werden.<\/p>\n","protected":false},"excerpt":{"rendered":"<p>Mate ist \u00a0das argentinische Nationalgetr\u00e4nk und erfreut sich immer gr\u00f6\u00dferer Beliebtheit. Er wird aus den Bl\u00e4ttern der Stechpalme gewonnen. Mate<\/p>\n","protected":false},"featured_media":738,"template":"","meta":[],"product_brand":[],"product_cat":[105,16],"product_tag":[],"class_list":{"0":"post-587","1":"product","2":"type-product","3":"status-publish","4":"has-post-thumbnail","6":"product_cat-kraeutertee","7":"product_cat-tee","9":"first","10":"instock","11":"taxable","12":"shipping-taxable","13":"purchasable","14":"product-type-simple"},"_links":{"self":[{"href":"https:\/\/harly-tea.at\/de\/wp-json\/wp\/v2\/product\/587","targetHints":{"allow":["GET"]}}],"collection":[{"href":"https:\/\/harly-tea.at\/de\/wp-json\/wp\/v2\/product"}],"about":[{"href":"https:\/\/harly-tea.at\/de\/wp-json\/wp\/v2\/types\/product"}],"wp:featuredmedia":[{"embeddable":true,"href":"https:\/\/harly-tea.at\/de\/wp-json\/wp\/v2\/media\/738"}],"wp:attachment":[{"href":"https:\/\/harly-tea.at\/de\/wp-json\/wp\/v2\/media?parent=587"}],"wp:term":[{"taxonomy":"product_brand","embeddable":true,"href":"https:\/\/harly-tea.at\/de\/wp-json\/wp\/v2\/product_brand?post=587"},{"taxonomy":"product_cat","embeddable":true,"href":"https:\/\/harly-tea.at\/de\/wp-json\/wp\/v2\/product_cat?post=587"},{"taxonomy":"product_tag","embeddable":true,"href":"https:\/\/harly-tea.at\/de\/wp-json\/wp\/v2\/product_tag?post=587"}],"curies":[{"name":"wp","href":"https:\/\/api.w.org\/{rel}","templated":true}]}}