{"id":588,"date":"2022-08-09T21:20:39","date_gmt":"2022-08-09T19:20:39","guid":{"rendered":"https:\/\/harly-tea.at\/produkt\/mate-honig\/"},"modified":"2026-02-02T14:38:24","modified_gmt":"2026-02-02T13:38:24","slug":"mate-honig","status":"publish","type":"product","link":"https:\/\/harly-tea.at\/de\/produkt\/mate-honig\/","title":{"rendered":"Mate Honig"},"content":{"rendered":"<p>Honig aromatisierter Mate<\/p>\n<p>Zutaten: Mate, Aroma<\/p>\n<p>MATE<br \/>\nMate, das argentinische Nationalgetr\u00e4nk, erfreut sich immer gr\u00f6\u00dferer Beliebtheit. Er wird aus den Bl\u00e4ttern der Stechpalme gewonnen. Mate ist in vielen Fastentees enthalten. Traditionell wird er in einer Calebasse (einem ausgeh\u00f6hlten K\u00fcrbisgef\u00e4\u00df) zubereitet und mit einem Bombilla (eine Art Saugrohr) geschl\u00fcrft. Die Matebl\u00e4tter k\u00f6nnen mehrfach mit siedend hei\u00dfem Wasser aufgegossen werden.<\/p>\n","protected":false},"excerpt":{"rendered":"<p>Honig aromatisierter Mate Zutaten: Mate, Aroma MATE Mate, das argentinische Nationalgetr\u00e4nk, erfreut sich immer gr\u00f6\u00dferer Beliebtheit. Er wird aus den<\/p>\n","protected":false},"featured_media":1923,"template":"","meta":[],"product_brand":[],"product_cat":[105,16],"product_tag":[],"class_list":{"0":"post-588","1":"product","2":"type-product","3":"status-publish","4":"has-post-thumbnail","6":"product_cat-kraeutertee","7":"product_cat-tee","9":"first","10":"instock","11":"taxable","12":"shipping-taxable","13":"purchasable","14":"product-type-simple"},"_links":{"self":[{"href":"https:\/\/harly-tea.at\/de\/wp-json\/wp\/v2\/product\/588","targetHints":{"allow":["GET"]}}],"collection":[{"href":"https:\/\/harly-tea.at\/de\/wp-json\/wp\/v2\/product"}],"about":[{"href":"https:\/\/harly-tea.at\/de\/wp-json\/wp\/v2\/types\/product"}],"wp:featuredmedia":[{"embeddable":true,"href":"https:\/\/harly-tea.at\/de\/wp-json\/wp\/v2\/media\/1923"}],"wp:attachment":[{"href":"https:\/\/harly-tea.at\/de\/wp-json\/wp\/v2\/media?parent=588"}],"wp:term":[{"taxonomy":"product_brand","embeddable":true,"href":"https:\/\/harly-tea.at\/de\/wp-json\/wp\/v2\/product_brand?post=588"},{"taxonomy":"product_cat","embeddable":true,"href":"https:\/\/harly-tea.at\/de\/wp-json\/wp\/v2\/product_cat?post=588"},{"taxonomy":"product_tag","embeddable":true,"href":"https:\/\/harly-tea.at\/de\/wp-json\/wp\/v2\/product_tag?post=588"}],"curies":[{"name":"wp","href":"https:\/\/api.w.org\/{rel}","templated":true}]}}