{"id":590,"date":"2022-08-09T21:20:39","date_gmt":"2022-08-09T19:20:39","guid":{"rendered":"https:\/\/harly-tea.at\/produkt\/orange-grapefruit\/"},"modified":"2025-08-07T14:57:00","modified_gmt":"2025-08-07T12:57:00","slug":"orange-grapefruit","status":"publish","type":"product","link":"https:\/\/harly-tea.at\/de\/produkt\/orange-grapefruit\/","title":{"rendered":"Orange &#8211; Grapefruit"},"content":{"rendered":"<p>Kr\u00e4uterteemischung Orange \/ Grapefruit aromatisiert<br \/>\nDiese milde, abgestimmte Kreation gewinnt fruchtige S\u00fc\u00dfe aus Apfelst\u00fccken und Karottenflocken und einen Hauch Frische von Eukalyptusb\u00e4ttern, Zitronengras, Mandarinen-Orangen-Fruchtfleisch und einer Nuance Hibiskus. Rote-Beete-St\u00fccke sorgen f\u00fcr die satte Tassenfarbe mit leicht erdiger Geschmacksnote. Orangenspalten mit getrocknetem Fruchtfleisch verweisen dezent auf die geschmacklichen Aromennoten von frischen Zitrusfr\u00fcchten. Alles in allem eine perfekte Komposition.<br \/>\nZutaten: Apfelst\u00fccke, Karottenflocken, Brombeerbl\u00e4tter, Eukalyptusbl\u00e4tter, Rote-Beete-St\u00fccke, Hibiskusbl\u00fcten, Zitronengras, Aroma, gefr.-getr. Mandarinenorangenfruchtst\u00fccke, Orangenspalten, Wichtiger Hinweis: Immer mit sprudelnd kochendem Wasser aufgie\u00dfen und mindestens 5-10 Minuten ziehen lassen! Nur so erhalten Sie ein sicheres Lebensmittel!<\/p>\n<div class=\"row mt-5\">\n   <div class=\"col-md-12 text-center\">\n      <h3>Zubereitungsempfehlung<\/h3>\n   <\/div>\n   <\/div><div class=\"row\">   <div class=\"col-md-4 wc-info-box\">\n      <i class=\"fa fa-3x fa-scale-balanced\"><\/i>\n      <h4>5 Gramm Tee pro 200ml<\/h4>\n      <\/div>   <div class=\"col-md-4 wc-info-box\">\n      <i class=\"fa fa-3x fa-temperature-full\"><\/i>\n      <h4>100\u00b0C Wassertemperatur<\/h4>\n      <\/div>   <div class=\"col-md-4 wc-info-box\">\n      <i class=\"fa fa-3x fa-clock\"><\/i>\n      <h4>5-7 Minuten Ziehzeit<\/h4>\n      <\/div><\/div>\n","protected":false},"excerpt":{"rendered":"<p>Kr\u00e4uterteemischung Orange \/ Grapefruit aromatisiert Diese milde, abgestimmte Kreation gewinnt fruchtige S\u00fc\u00dfe aus Apfelst\u00fccken und Karottenflocken und einen Hauch Frische<\/p>\n","protected":false},"featured_media":1062,"template":"","meta":[],"product_brand":[],"product_cat":[105,16],"product_tag":[],"class_list":{"0":"post-590","1":"product","2":"type-product","3":"status-publish","4":"has-post-thumbnail","6":"product_cat-kraeutertee","7":"product_cat-tee","9":"first","10":"instock","11":"taxable","12":"shipping-taxable","13":"purchasable","14":"product-type-simple"},"_links":{"self":[{"href":"https:\/\/harly-tea.at\/de\/wp-json\/wp\/v2\/product\/590","targetHints":{"allow":["GET"]}}],"collection":[{"href":"https:\/\/harly-tea.at\/de\/wp-json\/wp\/v2\/product"}],"about":[{"href":"https:\/\/harly-tea.at\/de\/wp-json\/wp\/v2\/types\/product"}],"wp:featuredmedia":[{"embeddable":true,"href":"https:\/\/harly-tea.at\/de\/wp-json\/wp\/v2\/media\/1062"}],"wp:attachment":[{"href":"https:\/\/harly-tea.at\/de\/wp-json\/wp\/v2\/media?parent=590"}],"wp:term":[{"taxonomy":"product_brand","embeddable":true,"href":"https:\/\/harly-tea.at\/de\/wp-json\/wp\/v2\/product_brand?post=590"},{"taxonomy":"product_cat","embeddable":true,"href":"https:\/\/harly-tea.at\/de\/wp-json\/wp\/v2\/product_cat?post=590"},{"taxonomy":"product_tag","embeddable":true,"href":"https:\/\/harly-tea.at\/de\/wp-json\/wp\/v2\/product_tag?post=590"}],"curies":[{"name":"wp","href":"https:\/\/api.w.org\/{rel}","templated":true}]}}