{"id":603,"date":"2022-08-09T21:20:43","date_gmt":"2022-08-09T19:20:43","guid":{"rendered":"https:\/\/harly-tea.at\/produkt\/yoga-chai-bio\/"},"modified":"2024-12-15T11:40:07","modified_gmt":"2024-12-15T10:40:07","slug":"yoga-chai-bio","status":"publish","type":"product","link":"https:\/\/harly-tea.at\/de\/produkt\/yoga-chai-bio\/","title":{"rendered":"Yoga Chai Bio"},"content":{"rendered":"<p>Naturbelassene Gew\u00fcrztee-Mischung mit kr\u00e4ftigem Zimtgeschmack und leichter Sch\u00e4rfe im Abgang durch Ingwer und Pfeffer.<\/p>\n<p>Zutaten: Zimtst\u00fccke*, Ingwerst\u00fccke*, Kardamomsaat*, Gew\u00fcrznelken*, schwarzer Pfeffer*<br \/>\n(* Zutaten aus kontrolliert biologischem Anbau)<\/p>\n<p>AT-BIO-402<\/p>\n<p><b>Alternativer Zubereitungsvorschlag:\u00a0<\/b>5 Gramm Tee pro 200ml,\u00a020 Minuten kochen (!), danach mit gleicher Menge Milch aufgie\u00dfen, eventuell mit Honig s\u00fc\u00dfen.<\/p>\n<div class=\"row mt-5\">\n   <div class=\"col-md-12 text-center\">\n      <h3>Zubereitungsempfehlung<\/h3>\n   <\/div>\n   <\/div><div class=\"row\">   <div class=\"col-md-4 wc-info-box\">\n      <i class=\"fa fa-3x fa-scale-balanced\"><\/i>\n      <h4>5 Gramm Tee pro 200ml<\/h4>\n      <\/div>   <div class=\"col-md-4 wc-info-box\">\n      <i class=\"fa fa-3x fa-temperature-full\"><\/i>\n      <h4>100\u00b0C Wassertemperatur<\/h4>\n      <\/div>   <div class=\"col-md-4 wc-info-box\">\n      <i class=\"fa fa-3x fa-clock\"><\/i>\n      <h4>5 Minuten Ziehzeit<\/h4>\n      <\/div><\/div>\n","protected":false},"excerpt":{"rendered":"<p><strong>5% RABAT\u00a0 DIWALI\u00a0 ANGEBOT<\/strong><\/p>\n","protected":false},"featured_media":720,"template":"","meta":[],"product_brand":[],"product_cat":[105,16],"product_tag":[],"class_list":{"0":"post-603","1":"product","2":"type-product","3":"status-publish","4":"has-post-thumbnail","6":"product_cat-kraeutertee","7":"product_cat-tee","9":"first","10":"instock","11":"taxable","12":"shipping-taxable","13":"purchasable","14":"product-type-simple"},"_links":{"self":[{"href":"https:\/\/harly-tea.at\/de\/wp-json\/wp\/v2\/product\/603","targetHints":{"allow":["GET"]}}],"collection":[{"href":"https:\/\/harly-tea.at\/de\/wp-json\/wp\/v2\/product"}],"about":[{"href":"https:\/\/harly-tea.at\/de\/wp-json\/wp\/v2\/types\/product"}],"wp:featuredmedia":[{"embeddable":true,"href":"https:\/\/harly-tea.at\/de\/wp-json\/wp\/v2\/media\/720"}],"wp:attachment":[{"href":"https:\/\/harly-tea.at\/de\/wp-json\/wp\/v2\/media?parent=603"}],"wp:term":[{"taxonomy":"product_brand","embeddable":true,"href":"https:\/\/harly-tea.at\/de\/wp-json\/wp\/v2\/product_brand?post=603"},{"taxonomy":"product_cat","embeddable":true,"href":"https:\/\/harly-tea.at\/de\/wp-json\/wp\/v2\/product_cat?post=603"},{"taxonomy":"product_tag","embeddable":true,"href":"https:\/\/harly-tea.at\/de\/wp-json\/wp\/v2\/product_tag?post=603"}],"curies":[{"name":"wp","href":"https:\/\/api.w.org\/{rel}","templated":true}]}}