{"id":1747,"date":"2022-08-02T15:21:20","date_gmt":"2022-08-02T13:21:20","guid":{"rendered":"https:\/\/harly-tea.at\/service\/books\/"},"modified":"2022-09-16T16:06:03","modified_gmt":"2022-09-16T14:06:03","slug":"books","status":"publish","type":"page","link":"https:\/\/harly-tea.at\/en\/service\/books\/","title":{"rendered":"Books"},"content":{"rendered":"\t\t<div data-elementor-type=\"wp-page\" data-elementor-id=\"1747\" class=\"elementor elementor-1747 elementor-102\">\n\t\t\t\t\t\t<section class=\"elementor-section elementor-top-section elementor-element elementor-element-4fc29b6 elementor-section-boxed elementor-section-height-default elementor-section-height-default wd-section-disabled\" data-id=\"4fc29b6\" data-element_type=\"section\" data-e-type=\"section\">\n\t\t\t\t\t\t<div class=\"elementor-container elementor-column-gap-default\">\n\t\t\t\t\t<div class=\"elementor-column elementor-col-100 elementor-top-column elementor-element elementor-element-57c4494\" data-id=\"57c4494\" data-element_type=\"column\" data-e-type=\"column\">\n\t\t\t<div class=\"elementor-widget-wrap elementor-element-populated\">\n\t\t\t\t\t\t<div class=\"elementor-element elementor-element-17f409d elementor-widget elementor-widget-wd_text_block\" data-id=\"17f409d\" data-element_type=\"widget\" data-e-type=\"widget\" data-widget_type=\"wd_text_block.default\">\n\t\t\t\t<div class=\"elementor-widget-container\">\n\t\t\t\t\t\t\t<div class=\"wd-text-block reset-last-child text-left\">\n\t\t\t\n\t\t\t<h3>BOOKS - our small tea library<\/h3><p>Tea and reading go together, so how much does it fit to drink tea and delve into literature about tea? With this in mind, we are happy to make our small tea library in our store at the Raimundhof available for all guests to read.<\/p><p><img fetchpriority=\"high\" decoding=\"async\" class=\"aligncenter wp-image-1534\" src=\"https:\/\/harly-tea.at\/wp-content\/uploads\/2022\/09\/IMG_9356-300x300.jpg\" alt=\"\" width=\"300\" height=\"300\" srcset=\"https:\/\/harly-tea.at\/wp-content\/uploads\/2022\/09\/IMG_9356-300x300.jpg 300w, https:\/\/harly-tea.at\/wp-content\/uploads\/2022\/09\/IMG_9356-1024x1024.jpg 1024w, https:\/\/harly-tea.at\/wp-content\/uploads\/2022\/09\/IMG_9356-150x150.jpg 150w, https:\/\/harly-tea.at\/wp-content\/uploads\/2022\/09\/IMG_9356-768x768.jpg 768w, https:\/\/harly-tea.at\/wp-content\/uploads\/2022\/09\/IMG_9356-1536x1536.jpg 1536w, https:\/\/harly-tea.at\/wp-content\/uploads\/2022\/09\/IMG_9356-2048x2048.jpg 2048w, https:\/\/harly-tea.at\/wp-content\/uploads\/2022\/09\/IMG_9356-700x700.jpg 700w, https:\/\/harly-tea.at\/wp-content\/uploads\/2022\/09\/IMG_9356-350x350.jpg 350w, https:\/\/harly-tea.at\/wp-content\/uploads\/2022\/09\/IMG_9356-680x680.jpg 680w\" sizes=\"(max-width: 300px) 100vw, 300px\" \/><\/p>\n\t\t\t\t\t<\/div>\n\t\t\t\t\t\t<\/div>\n\t\t\t\t<\/div>\n\t\t\t\t<div class=\"elementor-element elementor-element-7bb1423 elementor-widget elementor-widget-wd_text_block\" data-id=\"7bb1423\" data-element_type=\"widget\" data-e-type=\"widget\" data-widget_type=\"wd_text_block.default\">\n\t\t\t\t<div class=\"elementor-widget-container\">\n\t\t\t\t\t\t\t<div class=\"wd-text-block reset-last-child text-left\">\n\t\t\t\n\t\t\t<p>Besides some magazines like <strong>EIGHTY Degrees<\/strong> (by the way, in issue 6 there is an article from us about Turkish tea) and <strong>t<\/strong> magazine, we have the following books in stock, among others:<\/p><p>Blofeld: The Tao of Tea Drinking<\/p><p>Burghardt: Tea! Tea! Tea!: Bubbles, Cocktails, Accessories - An Old Drink Reinvents Itself<\/p><p>Cheadle: tea - varieties, cultivation, history, preparation, recipes and much more.<\/p><p>Delmas &amp; Minet: Tea-Sommelier: A step by step guide<\/p><p>Gascoyne, Marchand, Desharnais &amp; Americi: TEA (in English)<\/p><p>Erke: \u00c7ay (in Turkish)<\/p><p>Herlin: The pocket book of tea<\/p><p>Libronauti: Crash Landing with Tea (a children's book!!)<\/p><p>Polt-Heinzl &amp; Schmidjell: TEE - A Culinary Anthology<\/p><p>Tea - Know and enjoy<\/p><p>Ukers: ALL ABOUT TEA Vol.1, 1935 (in English)<\/p><p>Van Eetvelt: Met Thee aan Tafel (in Dutch)<\/p><p>Zihnio\u011flu: - Bir Ye\u015filin Pe\u015finde (in Turkish)<\/p><p><em>.... and some more ....<\/em><\/p>\n\t\t\t\t\t<\/div>\n\t\t\t\t\t\t<\/div>\n\t\t\t\t<\/div>\n\t\t\t\t\t<\/div>\n\t\t<\/div>\n\t\t\t\t\t<\/div>\n\t\t<\/section>\n\t\t\t\t<\/div>\n\t\t","protected":false},"excerpt":{"rendered":"<p>BOOKS &#8211; our small tea library Tea and reading go together, so how much does it fit to drink tea<\/p>\n","protected":false},"author":1,"featured_media":0,"parent":1738,"menu_order":0,"comment_status":"closed","ping_status":"closed","template":"","meta":{"footnotes":""},"class_list":["post-1747","page","type-page","status-publish","hentry"],"_links":{"self":[{"href":"https:\/\/harly-tea.at\/en\/wp-json\/wp\/v2\/pages\/1747","targetHints":{"allow":["GET"]}}],"collection":[{"href":"https:\/\/harly-tea.at\/en\/wp-json\/wp\/v2\/pages"}],"about":[{"href":"https:\/\/harly-tea.at\/en\/wp-json\/wp\/v2\/types\/page"}],"author":[{"embeddable":true,"href":"https:\/\/harly-tea.at\/en\/wp-json\/wp\/v2\/users\/1"}],"replies":[{"embeddable":true,"href":"https:\/\/harly-tea.at\/en\/wp-json\/wp\/v2\/comments?post=1747"}],"version-history":[{"count":3,"href":"https:\/\/harly-tea.at\/en\/wp-json\/wp\/v2\/pages\/1747\/revisions"}],"predecessor-version":[{"id":1753,"href":"https:\/\/harly-tea.at\/en\/wp-json\/wp\/v2\/pages\/1747\/revisions\/1753"}],"up":[{"embeddable":true,"href":"https:\/\/harly-tea.at\/en\/wp-json\/wp\/v2\/pages\/1738"}],"wp:attachment":[{"href":"https:\/\/harly-tea.at\/en\/wp-json\/wp\/v2\/media?parent=1747"}],"curies":[{"name":"wp","href":"https:\/\/api.w.org\/{rel}","templated":true}]}}